{"id":3564,"date":"2024-09-15T15:40:15","date_gmt":"2024-09-15T13:40:15","guid":{"rendered":"https:\/\/www.dezaaier-oldehove.nl\/?page_id=3564"},"modified":"2024-09-15T15:47:28","modified_gmt":"2024-09-15T13:47:28","slug":"projecten-vista","status":"publish","type":"page","link":"https:\/\/www.dezaaier-oldehove.nl\/index.php\/projects\/projecten-vista\/","title":{"rendered":"Projecten &#8211; Vista"},"content":{"rendered":"\t\t<div data-elementor-type=\"wp-post\" data-elementor-id=\"3564\" class=\"elementor elementor-3564\">\n\t\t\t\t\t\t<section class=\"elementor-section elementor-top-section elementor-element elementor-element-7ac9ca5 elementor-section-boxed elementor-section-height-default elementor-section-height-default\" data-id=\"7ac9ca5\" data-element_type=\"section\" data-e-type=\"section\" data-settings=\"{&quot;background_background&quot;:&quot;classic&quot;}\">\n\t\t\t\t\t\t\t<div class=\"elementor-background-overlay\"><\/div>\n\t\t\t\t\t\t\t<div class=\"elementor-container elementor-column-gap-default\">\n\t\t\t\t\t<div class=\"elementor-column elementor-col-33 elementor-top-column elementor-element elementor-element-fc40e94\" data-id=\"fc40e94\" data-element_type=\"column\" data-e-type=\"column\">\n\t\t\t<div class=\"elementor-widget-wrap\">\n\t\t\t\t\t\t\t<\/div>\n\t\t<\/div>\n\t\t\t\t<div class=\"elementor-column elementor-col-33 elementor-top-column elementor-element elementor-element-90988fe\" data-id=\"90988fe\" data-element_type=\"column\" data-e-type=\"column\">\n\t\t\t<div class=\"elementor-widget-wrap elementor-element-populated\">\n\t\t\t\t\t\t<div class=\"elementor-element elementor-element-4a1c612 elementor-widget elementor-widget-heading\" data-id=\"4a1c612\" data-element_type=\"widget\" data-e-type=\"widget\" data-widget_type=\"heading.default\">\n\t\t\t\t<div class=\"elementor-widget-container\">\n\t\t\t\t\t<h1 class=\"elementor-heading-title elementor-size-default\">Projecten - Vista<\/h1>\t\t\t\t<\/div>\n\t\t\t\t<\/div>\n\t\t\t\t\t<\/div>\n\t\t<\/div>\n\t\t\t\t<div class=\"elementor-column elementor-col-33 elementor-top-column elementor-element elementor-element-919f5c1\" data-id=\"919f5c1\" data-element_type=\"column\" data-e-type=\"column\">\n\t\t\t<div class=\"elementor-widget-wrap\">\n\t\t\t\t\t\t\t<\/div>\n\t\t<\/div>\n\t\t\t\t\t<\/div>\n\t\t<\/section>\n\t\t\t\t<section class=\"elementor-section elementor-top-section elementor-element elementor-element-695792c elementor-section-boxed elementor-section-height-default elementor-section-height-default\" data-id=\"695792c\" data-element_type=\"section\" data-e-type=\"section\">\n\t\t\t\t\t\t<div class=\"elementor-container elementor-column-gap-default\">\n\t\t\t\t\t<div class=\"elementor-column elementor-col-100 elementor-top-column elementor-element elementor-element-81dcce8\" data-id=\"81dcce8\" data-element_type=\"column\" data-e-type=\"column\">\n\t\t\t<div class=\"elementor-widget-wrap elementor-element-populated\">\n\t\t\t\t\t\t<div class=\"elementor-element elementor-element-3be1f9a elementor-widget elementor-widget-text-editor\" data-id=\"3be1f9a\" data-element_type=\"widget\" data-e-type=\"widget\" data-widget_type=\"text-editor.default\">\n\t\t\t\t<div class=\"elementor-widget-container\">\n\t\t\t\t\t\t\t\t\t<p>De NGK Oldehove neemt actief deel aan, of is initiatiefnemer van, onderstaande projecten. Alle projecten hebben betrekking op 1 van onze 3 waarden: woordverkondiging, inzetten van gaven en missionair zijn.<\/p>\t\t\t\t\t\t\t\t<\/div>\n\t\t\t\t<\/div>\n\t\t\t\t\t<\/div>\n\t\t<\/div>\n\t\t\t\t\t<\/div>\n\t\t<\/section>\n\t\t\t\t<section class=\"elementor-section elementor-top-section elementor-element elementor-element-87bd9b1 elementor-section-content-middle elementor-section-boxed elementor-section-height-default elementor-section-height-default\" data-id=\"87bd9b1\" data-element_type=\"section\" data-e-type=\"section\" data-settings=\"{&quot;background_background&quot;:&quot;classic&quot;}\">\n\t\t\t\t\t\t\t<div class=\"elementor-background-overlay\"><\/div>\n\t\t\t\t\t\t\t<div class=\"elementor-container elementor-column-gap-no\">\n\t\t\t\t\t<div class=\"elementor-column elementor-col-100 elementor-top-column elementor-element elementor-element-59d9374\" data-id=\"59d9374\" data-element_type=\"column\" data-e-type=\"column\">\n\t\t\t<div class=\"elementor-widget-wrap elementor-element-populated\">\n\t\t\t\t\t\t<section class=\"elementor-section elementor-inner-section elementor-element elementor-element-23f2d44 elementor-section-boxed elementor-section-height-default elementor-section-height-default\" data-id=\"23f2d44\" data-element_type=\"section\" data-e-type=\"section\">\n\t\t\t\t\t\t<div class=\"elementor-container elementor-column-gap-default\">\n\t\t\t\t\t<div class=\"elementor-column elementor-col-50 elementor-inner-column elementor-element elementor-element-9927ba9\" data-id=\"9927ba9\" data-element_type=\"column\" data-e-type=\"column\">\n\t\t\t<div class=\"elementor-widget-wrap elementor-element-populated\">\n\t\t\t\t\t\t<div class=\"elementor-element elementor-element-bfe85b0 elementor-widget elementor-widget-heading\" data-id=\"bfe85b0\" data-element_type=\"widget\" data-e-type=\"widget\" data-widget_type=\"heading.default\">\n\t\t\t\t<div class=\"elementor-widget-container\">\n\t\t\t\t\t<h6 class=\"elementor-heading-title elementor-size-default\">Over de grens<\/h6>\t\t\t\t<\/div>\n\t\t\t\t<\/div>\n\t\t\t\t\t<\/div>\n\t\t<\/div>\n\t\t\t\t<div class=\"elementor-column elementor-col-50 elementor-inner-column elementor-element elementor-element-563ab0a\" data-id=\"563ab0a\" data-element_type=\"column\" data-e-type=\"column\">\n\t\t\t<div class=\"elementor-widget-wrap elementor-element-populated\">\n\t\t\t\t\t\t<div class=\"elementor-element elementor-element-4e768b2 elementor-widget-divider--view-line elementor-widget elementor-widget-divider\" data-id=\"4e768b2\" data-element_type=\"widget\" data-e-type=\"widget\" data-widget_type=\"divider.default\">\n\t\t\t\t<div class=\"elementor-widget-container\">\n\t\t\t\t\t\t\t<div class=\"elementor-divider\">\n\t\t\t<span class=\"elementor-divider-separator\">\n\t\t\t\t\t\t<\/span>\n\t\t<\/div>\n\t\t\t\t\t\t<\/div>\n\t\t\t\t<\/div>\n\t\t\t\t\t<\/div>\n\t\t<\/div>\n\t\t\t\t\t<\/div>\n\t\t<\/section>\n\t\t\t\t<div class=\"elementor-element elementor-element-2138a01 elementor-widget elementor-widget-heading\" data-id=\"2138a01\" data-element_type=\"widget\" data-e-type=\"widget\" data-widget_type=\"heading.default\">\n\t\t\t\t<div class=\"elementor-widget-container\">\n\t\t\t\t\t<h2 class=\"elementor-heading-title elementor-size-default\"><a href=\"http:\/\/oldehove.gkv.nl\/joomla_cms\/index.php?option=com_content&#038;view=article&#038;id=33:vista-comite&#038;catid=8&#038;Itemid=288\" target=\"_blank\">VISTA<\/a><\/h2>\t\t\t\t<\/div>\n\t\t\t\t<\/div>\n\t\t\t\t<div class=\"elementor-element elementor-element-d72daeb elementor-widget elementor-widget-text-editor\" data-id=\"d72daeb\" data-element_type=\"widget\" data-e-type=\"widget\" data-widget_type=\"text-editor.default\">\n\t\t\t\t<div class=\"elementor-widget-container\">\n\t\t\t\t\t\t\t\t\tSinds mei 2002 heeft de NGK van Oldehove contact met de Gereformeerde Kerk in Vista (Roemeni\u00eb).\u00a0<span style=\"font-size: 16px;\">Door een bijzondere leiding van God is dit tot stand gekomen met de gemeente van Oldehove en zijn we erg blij met de contacten die we hebben. Omdat de gemeente in Vista in 2000 zowel geestelijk als materialistisch &#8216;kapot&#8217;\u00a0 was, is begonnen met geestelijke, financiele en materiele ondersteuning.\u00a0<\/span>\n\n&nbsp;\n\n<img fetchpriority=\"high\" decoding=\"async\" class=\"size-medium wp-image-3566 aligncenter\" src=\"https:\/\/www.dezaaier-oldehove.nl\/wp-content\/uploads\/2024\/09\/vista-230x300.jpg\" alt=\"\" width=\"230\" height=\"300\" srcset=\"https:\/\/www.dezaaier-oldehove.nl\/wp-content\/uploads\/2024\/09\/vista-230x300.jpg 230w, https:\/\/www.dezaaier-oldehove.nl\/wp-content\/uploads\/2024\/09\/vista.jpg 411w\" sizes=\"(max-width: 230px) 100vw, 230px\" \/>\n\n&nbsp;\n<p style=\"margin-bottom: 10px; font-size: 13px; font-weight: 400; font-style: normal; text-align: center; background: transparent; font-family: Monda, 'Helvetica Neue', Helvetica, Arial, sans-serif; color: #606060;\"><span style=\"font-size: 13px; text-align: inherit; background: transparent; font-family: inherit;\">Az \u00dar gondol r\u00e1nk \u00e9s \u00f6 meg\u00e1ld\u00a0=\u00a0De Here zorgt voor ons en Hij zegent ons.<\/span><\/p>\n\n<h3 style=\"margin-bottom: 0px; font-size: 16px; font-style: normal; background: transparent; font-family: Monda, Arial, Helvetica, sans-serif; color: #000000;\">Historie<\/h3>\n<p>Sinds mei 2002 heeft de GKv van Oldehove contact met de Gereformeerde Kerk in Vista (Roemeni\u00eb).\nVista is een typisch oud Hongaars dorp met een Slavische naam wat \u2018uitzicht\u2019 betekent. Het dorp telt 800 inwoners waarvan 750 bij de Gereformeerde Kerk, 30-40 bij de 7e dag Adventisten en 10 bij de Orthodoxe Kerk horen. De kerk is in 1280 gebouwd. Het was toen een Katholieke Kerk (wat nog goed aan de muurschilderingen en plafondfresco\u2019s is te zien). Na de Reformatie is de het een Gereformeerde Kerk geworden. Op dit moment is Zolt\u00e1n Felh\u00e1zi predikant van deze kerk. Hij is getrouwd met Klara en samen kregen ze 2 kinderen, Zolika en Kl\u00e1rika. Toen ze in 2000 in Vista de pastorie betrokken was deze gemeente zowel geestelijk als materialistisch \u2018kapot\u2019 (zo schreef Zolt\u00e1n dit in 2002 in een brief aan het comit\u00e9). De pastorie moest eerst verbouwd worden een waterleiding aangelegd. Daarna begon het geestelijke werk in de gemeente. In die tijd zijn ze ook op zoek gegaan naar een hulp gemeente in Nederland. Door een bijzondere leiding van God is dit tot stand gekomen met de gemeente van Oldehove en zijn we erg blij met de contacten die we hebben.<\/p>\n\n<h3 style=\"margin-bottom: 0px; font-size: 16px; font-style: normal; background: transparent; font-family: Monda, Arial, Helvetica, sans-serif; color: #000000;\">Doel<\/h3>\n<p>Het doel van het comit\u00e9 is:<\/p>\n\n<ul>\n<li>Bieden van geestelijke- en materi\u00eble ondersteuning. We geven giften voor de kinder- bijbelweek en het kinderkerstfeest. We kopen hiervoor ook versier- en spel(knutsel)materialen.<\/li>\n<li>Sinds 2013 is het comit\u00e9 een onderdeel van de diaconie en houden we ons meer bezig met de zieken en de armen in Vista.\n&#8211; We hebben een \u2018Groene Kruis\u2019 opgezet met hulpmiddelen die in de pastorie bewaard worden. Heeft iemand een rolstoel, een looprekje, een rollator, een hoog-laagbed, een antidecubitusmatras, een paar krukken o.i.d. nodig dan wordt dit uitgeleend. Ook incontinentie materiaal leveren wij en wordt in Vista, waar nodig, uitgedeeld.\n&#8211; We hebben Bijbels en liedboeken gekocht voor in de kerk.\n&#8211; We kopen brood voor de gezinnen die om wat voor reden dan ook het \u2018broodnodige\u2019 niet voor hun gezin kunnen kopen.<\/li>\n<li>Sinds 2012 zijn we met een betalende groep \u2018Vrienden voor Vista\u2019 begonnen. Deze groep betaald iedere maand een vrij te geven bedrag aan de diaconie waar wij o.a. het brood voor kunnen betalen en iets voor de zieken kunnen betekenen.<\/li>\n<li>We staan jaarlijks op de braderie in Oldehove en verkopen bolchrysanten en paaseitjes voor Pasen. Dit geld komt op de rekening van de diaconie.<\/li>\n<li>We helpen Vista met de bouw van een keuken in het Kolatav\u00e1r (een Multifunctioneel centrum) waar t.z.t. van alles georganiseerd gaat worden en voor Vista een bron van inkomsten zal worden.<\/li>\n<li>Ieder jaar vertrekt een groep uit Oldehove naar Vista, of andersom, om de onderlinge contacten te versterken. Het is iedere keer weer een geweldige ervaring om in Vista te zijn en de enorme gastvrijheid en hartelijkheid te mogen ervaren.<\/li>\n<li>De KJV (jeugdvereniging) zorgt voor een jongen waarvan z\u2019n moeder is gestorven en z\u2019n aan alcohol verslaafde vader niet voor hem zorgt. De jeugd steunt hem d.m.v. acties, zodat hij naar een vervolgopleiding kan gaan en eten en een slaapplek heeft.<\/li>\n<\/ul>\n\n<p>U leest dat we een hartelijke, meelevende groep zijn voor broeders en zusters uit een voormalig communistisch land. Ze hebben het moeilijk gehad in de tijd van dictator Ceausescu. Het leven van veel gezinnen is door hem veel verdriet bezorgt, doordat mannen uit Vista zijn vermoord na de bouw van zijn paleis. Het denken en handelen is daardoor verstoort en zit zo anders in elkaar dat we elkaar vaak moeilijk begrijpen. We weten natuurlijk dat je altijd te maken hebt met een andere cultuur waar anders gedacht en gehandeld wordt. Het houdt ons scherp en we zijn blij dat we als broeders en zusters naar elkaar mogen omzien en dat God ons (soms langs hele bijzondere wegen) middelen geeft om te helpen.<\/p>\n\n<h3 style=\"margin-bottom: 0px; font-size: 16px; font-style: normal; background: transparent; font-family: Monda, Arial, Helvetica, sans-serif; color: #000000;\">Steun<\/h3>\n<p>We hopen dat u ons blijft steunen door iets te kopen van de acties of eens een gift te storten op de rekening van de diaconie (o.v.v. gift voor Vista). Misschien wilt u \u2018Vriend van Vista\u2019 worden na het lezen van dit verhaal. Neemt u dan gerust contact op met \u00e9\u00e9n van de leden van het comit\u00e9. We hebben het geld nodig om Vista te blijven helpen.<\/p>\n\n<h3 style=\"margin-bottom: 0px; font-size: 16px; font-style: normal; background: transparent; font-family: Monda, Arial, Helvetica, sans-serif; color: #000000;\">Het comit\u00e9<\/h3>\n<p>Banknummer:\u00a0\u00a0<span style=\"font-size: 13px; text-align: inherit; background: transparent; font-family: inherit;\"><span style=\"font-size: 13px; text-align: inherit; background: transparent; font-family: inherit; text-decoration-line: underline;\">NL17RABO03486.06.400<\/span><\/span>\u00a0t.n.v. Diaconie GKV Oldehove o.v.v. Oldehove-Vista\n<\/p>\n\n<p>Het emailadres is <a href=\"mailto:vistacomite@dezaaier-oldehove.nl\">vistacomite@dezaaier-oldehove.nl<\/a>\t\t\t\t\t\t\t\t<\/div>\n\t\t\t\t<\/div>\n\t\t\t\t<div class=\"elementor-element elementor-element-98fce67 elementor-pagination-position-outside elementor-widget elementor-widget-image-carousel\" data-id=\"98fce67\" data-element_type=\"widget\" data-e-type=\"widget\" data-settings=\"{&quot;slides_to_show&quot;:&quot;3&quot;,&quot;slides_to_scroll&quot;:&quot;1&quot;,&quot;navigation&quot;:&quot;dots&quot;,&quot;slides_to_show_tablet&quot;:&quot;2&quot;,&quot;slides_to_show_mobile&quot;:&quot;1&quot;,&quot;autoplay&quot;:&quot;no&quot;,&quot;infinite&quot;:&quot;yes&quot;,&quot;speed&quot;:500,&quot;image_spacing_custom&quot;:{&quot;unit&quot;:&quot;px&quot;,&quot;size&quot;:20,&quot;sizes&quot;:[]},&quot;image_spacing_custom_tablet&quot;:{&quot;unit&quot;:&quot;px&quot;,&quot;size&quot;:&quot;&quot;,&quot;sizes&quot;:[]}}\" data-widget_type=\"image-carousel.default\">\n\t\t\t\t<div class=\"elementor-widget-container\">\n\t\t\t\t\t\t\t<div class=\"elementor-image-carousel-wrapper swiper\" role=\"region\" aria-roledescription=\"carousel\" aria-label=\"Afbeelding carrousel\" dir=\"ltr\">\n\t\t\t<div class=\"elementor-image-carousel swiper-wrapper swiper-image-stretch\" aria-live=\"polite\">\n\t\t\t\t\t\t\t\t<div class=\"swiper-slide\" role=\"group\" aria-roledescription=\"slide\" aria-label=\"1 van 6\"><figure class=\"swiper-slide-inner\"><img decoding=\"async\" class=\"swiper-slide-image\" src=\"https:\/\/www.dezaaier-oldehove.nl\/wp-content\/uploads\/elementor\/thumbs\/P7070100-qu3b9bqqupbbpzw7mfrf3ft1ug1zetf2tzyt75q1aw.jpg\" alt=\"OLYMPUS DIGITAL CAMERA\" \/><\/figure><\/div><div class=\"swiper-slide\" role=\"group\" aria-roledescription=\"slide\" aria-label=\"2 van 6\"><figure class=\"swiper-slide-inner\"><img decoding=\"async\" class=\"swiper-slide-image\" src=\"https:\/\/www.dezaaier-oldehove.nl\/wp-content\/uploads\/elementor\/thumbs\/P7060075-qu3b9bqqupbbpzw7mfrf3ft1ug1zetf2tzyt75q1aw.jpg\" alt=\"OLYMPUS DIGITAL CAMERA\" \/><\/figure><\/div><div class=\"swiper-slide\" role=\"group\" aria-roledescription=\"slide\" aria-label=\"3 van 6\"><figure class=\"swiper-slide-inner\"><img decoding=\"async\" class=\"swiper-slide-image\" src=\"https:\/\/www.dezaaier-oldehove.nl\/wp-content\/uploads\/elementor\/thumbs\/P7060054-qu3b9bqqupbbpzw7mfrf3ft1ug1zetf2tzyt75q1aw.jpg\" alt=\"OLYMPUS DIGITAL CAMERA\" \/><\/figure><\/div><div class=\"swiper-slide\" role=\"group\" aria-roledescription=\"slide\" aria-label=\"4 van 6\"><figure class=\"swiper-slide-inner\"><img decoding=\"async\" class=\"swiper-slide-image\" src=\"https:\/\/www.dezaaier-oldehove.nl\/wp-content\/uploads\/elementor\/thumbs\/P7060053-qu3b9bqqupbbpzw7mfrf3ft1ug1zetf2tzyt75q1aw.jpg\" alt=\"OLYMPUS DIGITAL CAMERA\" \/><\/figure><\/div><div class=\"swiper-slide\" role=\"group\" aria-roledescription=\"slide\" aria-label=\"5 van 6\"><figure class=\"swiper-slide-inner\"><img decoding=\"async\" class=\"swiper-slide-image\" src=\"https:\/\/www.dezaaier-oldehove.nl\/wp-content\/uploads\/elementor\/thumbs\/IMG_20170730_185132-scaled-qu3b9bqqupbbpzw7mfrf3ft1ug1zetf2tzyt75q1aw.jpg\" alt=\"bdr\" \/><\/figure><\/div><div class=\"swiper-slide\" role=\"group\" aria-roledescription=\"slide\" aria-label=\"6 van 6\"><figure class=\"swiper-slide-inner\"><img decoding=\"async\" class=\"swiper-slide-image\" src=\"https:\/\/www.dezaaier-oldehove.nl\/wp-content\/uploads\/elementor\/thumbs\/P7050030_1-qu3b9bqqupbbpzw7mfrf3ft1ug1zetf2tzyt75q1aw.jpg\" alt=\"OLYMPUS DIGITAL CAMERA\" \/><\/figure><\/div>\t\t\t<\/div>\n\t\t\t\t\t\t\t\n\t\t\t\t\t\t\t\t\t<div class=\"swiper-pagination\"><\/div>\n\t\t\t\t\t\t\t\t\t<\/div>\n\t\t\t\t\t\t<\/div>\n\t\t\t\t<\/div>\n\t\t\t\t\t<\/div>\n\t\t<\/div>\n\t\t\t\t\t<\/div>\n\t\t<\/section>\n\t\t\t\t<\/div>\n\t\t","protected":false},"excerpt":{"rendered":"<p>Projecten &#8211; Vista De NGK Oldehove neemt actief deel aan, of is initiatiefnemer van, onderstaande projecten. Alle projecten hebben betrekking op 1 van onze 3 waarden: woordverkondiging, inzetten van gaven [&hellip;]<\/p>\n","protected":false},"author":1,"featured_media":0,"parent":451,"menu_order":0,"comment_status":"closed","ping_status":"closed","template":"","meta":{"site-sidebar-layout":"no-sidebar","site-content-layout":"page-builder","ast-site-content-layout":"default","site-content-style":"default","site-sidebar-style":"default","ast-global-header-display":"","ast-banner-title-visibility":"","ast-main-header-display":"","ast-hfb-above-header-display":"","ast-hfb-below-header-display":"","ast-hfb-mobile-header-display":"","site-post-title":"disabled","ast-breadcrumbs-content":"","ast-featured-img":"disabled","footer-sml-layout":"","ast-disable-related-posts":"","theme-transparent-header-meta":"enabled","adv-header-id-meta":"","stick-header-meta":"","header-above-stick-meta":"","header-main-stick-meta":"","header-below-stick-meta":"","astra-migrate-meta-layouts":"default","ast-page-background-enabled":"default","ast-page-background-meta":{"desktop":{"background-color":"","background-image":"","background-repeat":"repeat","background-position":"center center","background-size":"auto","background-attachment":"scroll","background-type":"","background-media":"","overlay-type":"","overlay-color":"","overlay-opacity":"","overlay-gradient":""},"tablet":{"background-color":"","background-image":"","background-repeat":"repeat","background-position":"center center","background-size":"auto","background-attachment":"scroll","background-type":"","background-media":"","overlay-type":"","overlay-color":"","overlay-opacity":"","overlay-gradient":""},"mobile":{"background-color":"","background-image":"","background-repeat":"repeat","background-position":"center center","background-size":"auto","background-attachment":"scroll","background-type":"","background-media":"","overlay-type":"","overlay-color":"","overlay-opacity":"","overlay-gradient":""}},"ast-content-background-meta":{"desktop":{"background-color":"var(--ast-global-color-5)","background-image":"","background-repeat":"repeat","background-position":"center center","background-size":"auto","background-attachment":"scroll","background-type":"","background-media":"","overlay-type":"","overlay-color":"","overlay-opacity":"","overlay-gradient":""},"tablet":{"background-color":"var(--ast-global-color-5)","background-image":"","background-repeat":"repeat","background-position":"center center","background-size":"auto","background-attachment":"scroll","background-type":"","background-media":"","overlay-type":"","overlay-color":"","overlay-opacity":"","overlay-gradient":""},"mobile":{"background-color":"var(--ast-global-color-5)","background-image":"","background-repeat":"repeat","background-position":"center center","background-size":"auto","background-attachment":"scroll","background-type":"","background-media":"","overlay-type":"","overlay-color":"","overlay-opacity":"","overlay-gradient":""}},"footnotes":""},"class_list":["post-3564","page","type-page","status-publish","hentry"],"_links":{"self":[{"href":"https:\/\/www.dezaaier-oldehove.nl\/index.php\/wp-json\/wp\/v2\/pages\/3564","targetHints":{"allow":["GET"]}}],"collection":[{"href":"https:\/\/www.dezaaier-oldehove.nl\/index.php\/wp-json\/wp\/v2\/pages"}],"about":[{"href":"https:\/\/www.dezaaier-oldehove.nl\/index.php\/wp-json\/wp\/v2\/types\/page"}],"author":[{"embeddable":true,"href":"https:\/\/www.dezaaier-oldehove.nl\/index.php\/wp-json\/wp\/v2\/users\/1"}],"replies":[{"embeddable":true,"href":"https:\/\/www.dezaaier-oldehove.nl\/index.php\/wp-json\/wp\/v2\/comments?post=3564"}],"version-history":[{"count":4,"href":"https:\/\/www.dezaaier-oldehove.nl\/index.php\/wp-json\/wp\/v2\/pages\/3564\/revisions"}],"predecessor-version":[{"id":3569,"href":"https:\/\/www.dezaaier-oldehove.nl\/index.php\/wp-json\/wp\/v2\/pages\/3564\/revisions\/3569"}],"up":[{"embeddable":true,"href":"https:\/\/www.dezaaier-oldehove.nl\/index.php\/wp-json\/wp\/v2\/pages\/451"}],"wp:attachment":[{"href":"https:\/\/www.dezaaier-oldehove.nl\/index.php\/wp-json\/wp\/v2\/media?parent=3564"}],"curies":[{"name":"wp","href":"https:\/\/api.w.org\/{rel}","templated":true}]}}